{"id":844,"date":"2025-01-25T03:28:38","date_gmt":"2025-01-25T06:28:38","guid":{"rendered":"https:\/\/www.luisaambros.com\/espiritualidade\/oferta\/?page_id=844"},"modified":"2026-03-11T17:10:23","modified_gmt":"2026-03-11T20:10:23","slug":"curso-confirmando-meu-proposito-de-vida","status":"publish","type":"page","link":"https:\/\/www.luisaambros.com\/espiritualidade\/oferta\/curso-confirmando-meu-proposito-de-vida\/","title":{"rendered":"Curso Confirmando Meu Prop\u00f3sito de Vida"},"content":{"rendered":"\t\t<div data-elementor-type=\"wp-page\" data-elementor-id=\"844\" class=\"elementor elementor-844\">\n\t\t\t\t\t\t<section class=\"elementor-section elementor-top-section elementor-element elementor-element-40af4e2c elementor-section-height-min-height elementor-section-boxed elementor-section-height-default elementor-section-items-middle\" data-id=\"40af4e2c\" data-element_type=\"section\" data-e-type=\"section\" data-settings=\"{&quot;background_background&quot;:&quot;gradient&quot;}\">\n\t\t\t\t\t\t<div class=\"elementor-container elementor-column-gap-default\">\n\t\t\t\t\t<div class=\"elementor-column elementor-col-100 elementor-top-column elementor-element elementor-element-1f467be4\" data-id=\"1f467be4\" data-element_type=\"column\" data-e-type=\"column\">\n\t\t\t<div class=\"elementor-widget-wrap elementor-element-populated\">\n\t\t\t\t\t\t<div class=\"elementor-element elementor-element-6bfa9822 elementor-widget__width-initial elementor-widget-tablet__width-inherit elementor-widget elementor-widget-heading\" data-id=\"6bfa9822\" data-element_type=\"widget\" data-e-type=\"widget\" data-widget_type=\"heading.default\">\n\t\t\t\t<div class=\"elementor-widget-container\">\n\t\t\t\t\t<h2 class=\"elementor-heading-title elementor-size-default\">Curso Confirmando \nMeu <br>Prop\u00f3sito de Vida<\/h2>\t\t\t\t<\/div>\n\t\t\t\t<\/div>\n\t\t\t\t<div class=\"elementor-element elementor-element-73cb96f7 elementor-widget__width-initial elementor-widget elementor-widget-video\" data-id=\"73cb96f7\" data-element_type=\"widget\" data-e-type=\"widget\" data-settings=\"{&quot;youtube_url&quot;:&quot;https:\\\/\\\/www.youtube.com\\\/watch?v=4UyqdW1y8XQ&quot;,&quot;start&quot;:5197,&quot;end&quot;:5480,&quot;video_type&quot;:&quot;youtube&quot;,&quot;controls&quot;:&quot;yes&quot;}\" data-widget_type=\"video.default\">\n\t\t\t\t<div class=\"elementor-widget-container\">\n\t\t\t\t\t\t\t<div class=\"elementor-wrapper elementor-open-inline\">\n\t\t\t<div class=\"elementor-video\"><\/div>\t\t<\/div>\n\t\t\t\t\t\t<\/div>\n\t\t\t\t<\/div>\n\t\t\t\t<div class=\"elementor-element elementor-element-366df842 elementor-widget-mobile__width-inherit elementor-widget elementor-widget-text-editor\" data-id=\"366df842\" data-element_type=\"widget\" data-e-type=\"widget\" data-widget_type=\"text-editor.default\">\n\t\t\t\t<div class=\"elementor-widget-container\">\n\t\t\t\t\t\t\t\t\t<p>Aperte acima e conhe\u00e7a o curso que vai al\u00e9m de te trazer ferramentas poderosas que trazem clareza para voc\u00ea descobrir seu Prop\u00f3sito: ele tamb\u00e9m ensina formas de voc\u00ea confirmar quais escolhas est\u00e3o alinhadas \u00e0 ele!\u00a0<\/p>\t\t\t\t\t\t\t\t<\/div>\n\t\t\t\t<\/div>\n\t\t\t\t<div class=\"elementor-element elementor-element-57147ab5 elementor-align-center elementor-widget__width-initial elementor-widget-mobile__width-inherit elementor-widget elementor-widget-button\" data-id=\"57147ab5\" data-element_type=\"widget\" data-e-type=\"widget\" data-widget_type=\"button.default\">\n\t\t\t\t<div class=\"elementor-widget-container\">\n\t\t\t\t\t\t\t\t\t<div class=\"elementor-button-wrapper\">\n\t\t\t\t\t<a class=\"elementor-button elementor-button-link elementor-size-lg elementor-animation-grow\" href=\"https:\/\/hotmart.com\/pt-br\/marketplace\/produtos\/confirmando-meu-proposito-de-vida-assinatural-anual\/Q98496756W\">\n\t\t\t\t\t\t<span class=\"elementor-button-content-wrapper\">\n\t\t\t\t\t\t\t\t\t<span class=\"elementor-button-text\">APERTE AQUI E DESBLOQUEIE SEU ACESSO AO \"CURSO CONFIRMANDO MEU PROP\u00d3SITO DE VIDA\" \u279c<\/span>\n\t\t\t\t\t<\/span>\n\t\t\t\t\t<\/a>\n\t\t\t\t<\/div>\n\t\t\t\t\t\t\t\t<\/div>\n\t\t\t\t<\/div>\n\t\t\t\t\t<\/div>\n\t\t<\/div>\n\t\t\t\t\t<\/div>\n\t\t<\/section>\n\t\t<div class=\"elementor-element elementor-element-d6767e3 e-flex e-con-boxed e-con e-parent\" data-id=\"d6767e3\" data-element_type=\"container\" data-e-type=\"container\">\n\t\t\t\t\t<div class=\"e-con-inner\">\n\t\t\t\t<div class=\"elementor-element elementor-element-88c9e28 elementor-widget elementor-widget-spacer\" data-id=\"88c9e28\" data-element_type=\"widget\" data-e-type=\"widget\" data-widget_type=\"spacer.default\">\n\t\t\t\t<div class=\"elementor-widget-container\">\n\t\t\t\t\t\t\t<div class=\"elementor-spacer\">\n\t\t\t<div class=\"elementor-spacer-inner\"><\/div>\n\t\t<\/div>\n\t\t\t\t\t\t<\/div>\n\t\t\t\t<\/div>\n\t\t\t\t\t<\/div>\n\t\t\t\t<\/div>\n\t\t<div class=\"elementor-element elementor-element-935a45f e-flex e-con-boxed e-con e-parent\" data-id=\"935a45f\" data-element_type=\"container\" data-e-type=\"container\">\n\t\t\t\t\t<div class=\"e-con-inner\">\n\t\t\t\t<div class=\"elementor-element elementor-element-2329c2f elementor-widget elementor-widget-spacer\" data-id=\"2329c2f\" data-element_type=\"widget\" data-e-type=\"widget\" data-widget_type=\"spacer.default\">\n\t\t\t\t<div class=\"elementor-widget-container\">\n\t\t\t\t\t\t\t<div class=\"elementor-spacer\">\n\t\t\t<div class=\"elementor-spacer-inner\"><\/div>\n\t\t<\/div>\n\t\t\t\t\t\t<\/div>\n\t\t\t\t<\/div>\n\t\t\t\t<div class=\"elementor-element elementor-element-77c3def elementor-widget elementor-widget-image\" data-id=\"77c3def\" data-element_type=\"widget\" data-e-type=\"widget\" data-widget_type=\"image.default\">\n\t\t\t\t<div class=\"elementor-widget-container\">\n\t\t\t\t\t\t\t\t\t\t\t\t\t\t\t\t<a href=\"https:\/\/hotmart.com\/pt-br\/marketplace\/produtos\/confirmando-meu-proposito-de-vida-assinatural-anual\/Q98496756W\">\n\t\t\t\t\t\t\t<img fetchpriority=\"high\" decoding=\"async\" width=\"960\" height=\"240\" src=\"https:\/\/www.luisaambros.com\/espiritualidade\/oferta\/wp-content\/uploads\/1-png.webp\" class=\"attachment-large size-large wp-image-824\" alt=\"\" srcset=\"https:\/\/www.luisaambros.com\/espiritualidade\/oferta\/wp-content\/uploads\/1-png.webp 960w, https:\/\/www.luisaambros.com\/espiritualidade\/oferta\/wp-content\/uploads\/1-300x75.webp 300w\" sizes=\"(max-width: 960px) 100vw, 960px\" \/>\t\t\t\t\t\t\t\t<\/a>\n\t\t\t\t\t\t\t\t\t\t\t\t\t\t\t<\/div>\n\t\t\t\t<\/div>\n\t\t\t\t<div class=\"elementor-element elementor-element-2445254 elementor-widget__width-initial elementor-widget elementor-widget-text-editor\" data-id=\"2445254\" data-element_type=\"widget\" data-e-type=\"widget\" data-widget_type=\"text-editor.default\">\n\t\t\t\t<div class=\"elementor-widget-container\">\n\t\t\t\t\t\t\t\t\t<p>Al\u00e9m de receber o passo a passo do uso de ferramentas poderosas para voc\u00ea ter clareza do seu Prop\u00f3sito de Vida, tenha, tamb\u00e9m, acesso a t\u00e9cnicas para validar e confirmar se as suas escolhas est\u00e3o alinhadas, ou n\u00e3o, ao seu Prop\u00f3sito de Vida \u2014 para que voc\u00ea fa\u00e7a melhores decis\u00f5es e, mais facilmente, prospere com Prop\u00f3sito!<\/p><p><b>Voc\u00ea ter\u00e1 acesso a:<\/b><\/p><p>\u2705 <span style=\"font-weight: 400;\">3 ferramentas que apoiam a trazer clareza do seu Prop\u00f3sito (incluindo prompt de Intelig\u00eancia Artificial para facilitar e agilizar)<\/span><\/p><p>\u2705\u00a05 formas de identificar alinhamento com seu Prop\u00f3sito \u2014 aulas em v\u00eddeo dispon\u00edveis em 07\/02\/25<\/p><p>\u2705 Apostila em e-book<\/p><p>\u2705 365 dias de acesso ao conte\u00fado<\/p><p>\u2705 Garantia de 21 dias direto pela Hotmart (foi estendido de 7 para 21 dias para te dar maior tranquilidade devido \u00e0 data de conclus\u00e3o da entrega das aulas)<\/p><p><b>B\u00f4nus:<\/b><\/p><p>\ud83c\udf81 Grava\u00e7\u00e3o e apostila do Workshop Cocriando Meu Ano em Alto N\u00edvel, que traz clareza dos seus objetivos, apoia voc\u00ea a se organizar, ativar lei da atra\u00e7\u00e3o e prosperar \u2014 para que voc\u00ea possa viver bem do seu Prop\u00f3sito;<\/p><p><span style=\"font-family: Poppins, sans-serif; font-size: 28px; font-style: normal; font-variant-ligatures: normal; font-variant-caps: normal; font-weight: 400; color: var( --e-global-color-text );\">\ud83c\udf81\u00a0<\/span>E-book hist\u00f3rico meu: &#8220;Como Atender Online e Come\u00e7ar na Internet: Guia ESSENCIAL&#8221; com t\u00e9cnicas de vendas iniciais.<\/p><p><i>Ao final do curso, voc\u00ea estar\u00e1 com maior clareza e confian\u00e7a sobre qual o seu Prop\u00f3sito de vida, como validar uma decis\u00e3o te aproxima ou afasta dele, e o que fazer para voc\u00ea come\u00e7ar a prosperar com Prop\u00f3sito!<\/i><\/p><p style=\"text-align: center;\"><strong>\ud83d\udc47\ud83c\udffb<\/strong><\/p>\t\t\t\t\t\t\t\t<\/div>\n\t\t\t\t<\/div>\n\t\t\t\t\t<\/div>\n\t\t\t\t<\/div>\n\t\t\t\t<section class=\"elementor-section elementor-top-section elementor-element elementor-element-60a77772 elementor-section-boxed elementor-section-height-default elementor-section-height-default\" data-id=\"60a77772\" data-element_type=\"section\" data-e-type=\"section\" data-settings=\"{&quot;background_background&quot;:&quot;classic&quot;}\">\n\t\t\t\t\t\t<div class=\"elementor-container elementor-column-gap-default\">\n\t\t\t\t\t<div class=\"elementor-column elementor-col-100 elementor-top-column elementor-element elementor-element-aeba2fb\" data-id=\"aeba2fb\" data-element_type=\"column\" data-e-type=\"column\">\n\t\t\t<div class=\"elementor-widget-wrap elementor-element-populated\">\n\t\t\t\t\t\t<div class=\"elementor-element elementor-element-2d7f0d7 elementor-align-center elementor-widget__width-initial elementor-widget-mobile__width-inherit elementor-widget elementor-widget-button\" data-id=\"2d7f0d7\" data-element_type=\"widget\" data-e-type=\"widget\" data-widget_type=\"button.default\">\n\t\t\t\t<div class=\"elementor-widget-container\">\n\t\t\t\t\t\t\t\t\t<div class=\"elementor-button-wrapper\">\n\t\t\t\t\t<a class=\"elementor-button elementor-button-link elementor-size-lg elementor-animation-grow\" href=\"https:\/\/hotmart.com\/pt-br\/marketplace\/produtos\/confirmando-meu-proposito-de-vida-assinatural-anual\/Q98496756W\">\n\t\t\t\t\t\t<span class=\"elementor-button-content-wrapper\">\n\t\t\t\t\t\t\t\t\t<span class=\"elementor-button-text\">APERTE AQUI E DESBLOQUEIE SEU ACESSO AO \"CURSO DESCOBRINDO MEU PROP\u00d3SITO DE VIDA\" \u279c<\/span>\n\t\t\t\t\t<\/span>\n\t\t\t\t\t<\/a>\n\t\t\t\t<\/div>\n\t\t\t\t\t\t\t\t<\/div>\n\t\t\t\t<\/div>\n\t\t\t\t<div class=\"elementor-element elementor-element-9af6cef elementor-widget elementor-widget-spacer\" data-id=\"9af6cef\" data-element_type=\"widget\" data-e-type=\"widget\" data-widget_type=\"spacer.default\">\n\t\t\t\t<div class=\"elementor-widget-container\">\n\t\t\t\t\t\t\t<div class=\"elementor-spacer\">\n\t\t\t<div class=\"elementor-spacer-inner\"><\/div>\n\t\t<\/div>\n\t\t\t\t\t\t<\/div>\n\t\t\t\t<\/div>\n\t\t\t\t\t<\/div>\n\t\t<\/div>\n\t\t\t\t\t<\/div>\n\t\t<\/section>\n\t\t\t\t<\/div>\n\t\t","protected":false},"excerpt":{"rendered":"<p>Curso Confirmando Meu Prop\u00f3sito de Vida https:\/\/www.youtube.com\/watch?v=4UyqdW1y8XQ Aperte acima e conhe\u00e7a o curso que vai al\u00e9m de te trazer ferramentas poderosas que trazem clareza para voc\u00ea descobrir seu Prop\u00f3sito: ele tamb\u00e9m ensina formas de voc\u00ea confirmar quais escolhas est\u00e3o alinhadas \u00e0 ele!\u00a0 APERTE AQUI E DESBLOQUEIE SEU ACESSO AO &#8220;CURSO CONFIRMANDO MEU PROP\u00d3SITO DE VIDA&#8221; <a href=\"https:\/\/www.luisaambros.com\/espiritualidade\/oferta\/curso-confirmando-meu-proposito-de-vida\/\" class=\"more-link\">&#8230;<span class=\"screen-reader-text\">  Curso Confirmando Meu Prop\u00f3sito de Vida<\/span><\/a><\/p>\n","protected":false},"author":1,"featured_media":845,"parent":0,"menu_order":0,"comment_status":"closed","ping_status":"closed","template":"","meta":{"footnotes":""},"class_list":["post-844","page","type-page","status-publish","has-post-thumbnail","hentry"],"_links":{"self":[{"href":"https:\/\/www.luisaambros.com\/espiritualidade\/oferta\/wp-json\/wp\/v2\/pages\/844","targetHints":{"allow":["GET"]}}],"collection":[{"href":"https:\/\/www.luisaambros.com\/espiritualidade\/oferta\/wp-json\/wp\/v2\/pages"}],"about":[{"href":"https:\/\/www.luisaambros.com\/espiritualidade\/oferta\/wp-json\/wp\/v2\/types\/page"}],"author":[{"embeddable":true,"href":"https:\/\/www.luisaambros.com\/espiritualidade\/oferta\/wp-json\/wp\/v2\/users\/1"}],"replies":[{"embeddable":true,"href":"https:\/\/www.luisaambros.com\/espiritualidade\/oferta\/wp-json\/wp\/v2\/comments?post=844"}],"version-history":[{"count":10,"href":"https:\/\/www.luisaambros.com\/espiritualidade\/oferta\/wp-json\/wp\/v2\/pages\/844\/revisions"}],"predecessor-version":[{"id":2591,"href":"https:\/\/www.luisaambros.com\/espiritualidade\/oferta\/wp-json\/wp\/v2\/pages\/844\/revisions\/2591"}],"wp:featuredmedia":[{"embeddable":true,"href":"https:\/\/www.luisaambros.com\/espiritualidade\/oferta\/wp-json\/wp\/v2\/media\/845"}],"wp:attachment":[{"href":"https:\/\/www.luisaambros.com\/espiritualidade\/oferta\/wp-json\/wp\/v2\/media?parent=844"}],"curies":[{"name":"wp","href":"https:\/\/api.w.org\/{rel}","templated":true}]}}