{"id":1479,"date":"2025-09-28T06:49:04","date_gmt":"2025-09-28T09:49:04","guid":{"rendered":"https:\/\/www.luisaambros.com\/espiritualidade\/oferta\/?page_id=1479"},"modified":"2026-05-05T03:05:49","modified_gmt":"2026-05-05T06:05:49","slug":"protocolo-vibrando-alto-em-21-dias","status":"publish","type":"page","link":"https:\/\/www.luisaambros.com\/espiritualidade\/oferta\/protocolo-vibrando-alto-em-21-dias\/","title":{"rendered":"Protocolo Vibrando ALTO em 21 Dias"},"content":{"rendered":"\t\t<div data-elementor-type=\"wp-page\" data-elementor-id=\"1479\" class=\"elementor elementor-1479\">\n\t\t\t\t\t\t<section class=\"elementor-section elementor-top-section elementor-element elementor-element-40af4e2c elementor-section-height-min-height elementor-section-boxed elementor-section-height-default elementor-section-items-middle\" data-id=\"40af4e2c\" data-element_type=\"section\" data-e-type=\"section\" data-settings=\"{&quot;background_background&quot;:&quot;gradient&quot;}\">\n\t\t\t\t\t\t<div class=\"elementor-container elementor-column-gap-default\">\n\t\t\t\t\t<div class=\"elementor-column elementor-col-100 elementor-top-column elementor-element elementor-element-1f467be4\" data-id=\"1f467be4\" data-element_type=\"column\" data-e-type=\"column\">\n\t\t\t<div class=\"elementor-widget-wrap elementor-element-populated\">\n\t\t\t\t\t\t<div class=\"elementor-element elementor-element-6bfa9822 elementor-widget__width-initial elementor-widget-tablet__width-inherit elementor-widget elementor-widget-heading\" data-id=\"6bfa9822\" data-element_type=\"widget\" data-e-type=\"widget\" data-widget_type=\"heading.default\">\n\t\t\t\t<div class=\"elementor-widget-container\">\n\t\t\t\t\t<h2 class=\"elementor-heading-title elementor-size-default\">Protocolo Vibrando ALTO <i>em 21 Dias<\/i><\/h2>\t\t\t\t<\/div>\n\t\t\t\t<\/div>\n\t\t\t\t<div class=\"elementor-element elementor-element-73cb96f7 elementor-widget__width-initial elementor-widget elementor-widget-video\" data-id=\"73cb96f7\" data-element_type=\"widget\" data-e-type=\"widget\" data-settings=\"{&quot;youtube_url&quot;:&quot;https:\\\/\\\/www.youtube.com\\\/watch?v=BmmtTxBykCk&quot;,&quot;image_overlay&quot;:{&quot;url&quot;:&quot;https:\\\/\\\/www.luisaambros.com\\\/espiritualidade\\\/oferta\\\/wp-content\\\/uploads\\\/thumb-video-combo-4.webp&quot;,&quot;id&quot;:1449,&quot;size&quot;:&quot;&quot;,&quot;alt&quot;:&quot;&quot;,&quot;source&quot;:&quot;library&quot;},&quot;show_image_overlay&quot;:&quot;yes&quot;,&quot;video_type&quot;:&quot;youtube&quot;,&quot;controls&quot;:&quot;yes&quot;}\" data-widget_type=\"video.default\">\n\t\t\t\t<div class=\"elementor-widget-container\">\n\t\t\t\t\t\t\t<div class=\"elementor-wrapper elementor-open-inline\">\n\t\t\t<div class=\"elementor-video\"><\/div>\t\t\t\t<div class=\"elementor-custom-embed-image-overlay\" style=\"background-image: url(https:\/\/www.luisaambros.com\/espiritualidade\/oferta\/wp-content\/uploads\/thumb-video-combo-4.webp);\">\n\t\t\t\t\t\t\t\t\t\t\t\t\t\t\t\t<div class=\"elementor-custom-embed-play\" role=\"button\" aria-label=\"Reproduzir v\u00eddeo\" tabindex=\"0\">\n\t\t\t\t\t\t\t<svg aria-hidden=\"true\" class=\"e-font-icon-svg e-eicon-play\" viewBox=\"0 0 1000 1000\" xmlns=\"http:\/\/www.w3.org\/2000\/svg\"><path d=\"M838 162C746 71 633 25 500 25 371 25 258 71 163 162 71 254 25 367 25 500 25 633 71 746 163 837 254 929 367 979 500 979 633 979 746 933 838 837 929 746 975 633 975 500 975 367 929 254 838 162M808 192C892 279 933 379 933 500 933 621 892 725 808 808 725 892 621 938 500 938 379 938 279 896 196 808 113 725 67 621 67 500 67 379 108 279 196 192 279 108 383 62 500 62 621 62 721 108 808 192M438 392V642L642 517 438 392Z\"><\/path><\/svg>\t\t\t\t\t\t<\/div>\n\t\t\t\t\t\t\t\t\t<\/div>\n\t\t\t\t\t<\/div>\n\t\t\t\t\t\t<\/div>\n\t\t\t\t<\/div>\n\t\t\t\t<div class=\"elementor-element elementor-element-366df842 elementor-widget-mobile__width-inherit elementor-widget elementor-widget-text-editor\" data-id=\"366df842\" data-element_type=\"widget\" data-e-type=\"widget\" data-widget_type=\"text-editor.default\">\n\t\t\t\t<div class=\"elementor-widget-container\">\n\t\t\t\t\t\t\t\t\t<p>Desbloqueie acesso ao combo definitivo para voc\u00ea manter a sua<b> vida elevada com mais leveza, alegria e prosperidade!<\/b><\/p>\t\t\t\t\t\t\t\t<\/div>\n\t\t\t\t<\/div>\n\t\t\t\t<div class=\"elementor-element elementor-element-57147ab5 elementor-align-center elementor-widget__width-initial elementor-widget-mobile__width-inherit elementor-widget elementor-widget-button\" data-id=\"57147ab5\" data-element_type=\"widget\" data-e-type=\"widget\" data-widget_type=\"button.default\">\n\t\t\t\t<div class=\"elementor-widget-container\">\n\t\t\t\t\t\t\t\t\t<div class=\"elementor-button-wrapper\">\n\t\t\t\t\t<a class=\"elementor-button elementor-button-link elementor-size-lg elementor-animation-grow\" href=\"https:\/\/pay.hotmart.com\/R102084040R\">\n\t\t\t\t\t\t<span class=\"elementor-button-content-wrapper\">\n\t\t\t\t\t\t\t\t\t<span class=\"elementor-button-text\">APERTE AQUI E DESBLOQUEIE O SEU ACESSO \u279c<\/span>\n\t\t\t\t\t<\/span>\n\t\t\t\t\t<\/a>\n\t\t\t\t<\/div>\n\t\t\t\t\t\t\t\t<\/div>\n\t\t\t\t<\/div>\n\t\t\t\t\t<\/div>\n\t\t<\/div>\n\t\t\t\t\t<\/div>\n\t\t<\/section>\n\t\t<div class=\"elementor-element elementor-element-d6767e3 e-flex e-con-boxed e-con e-parent\" data-id=\"d6767e3\" data-element_type=\"container\" data-e-type=\"container\">\n\t\t\t\t\t<div class=\"e-con-inner\">\n\t\t\t\t<div class=\"elementor-element elementor-element-88c9e28 elementor-widget elementor-widget-spacer\" data-id=\"88c9e28\" data-element_type=\"widget\" data-e-type=\"widget\" data-widget_type=\"spacer.default\">\n\t\t\t\t<div class=\"elementor-widget-container\">\n\t\t\t\t\t\t\t<div class=\"elementor-spacer\">\n\t\t\t<div class=\"elementor-spacer-inner\"><\/div>\n\t\t<\/div>\n\t\t\t\t\t\t<\/div>\n\t\t\t\t<\/div>\n\t\t\t\t\t<\/div>\n\t\t\t\t<\/div>\n\t\t<div class=\"elementor-element elementor-element-718ad66 e-flex e-con-boxed e-con e-parent\" data-id=\"718ad66\" data-element_type=\"container\" data-e-type=\"container\">\n\t\t\t\t\t<div class=\"e-con-inner\">\n\t\t\t\t<div class=\"elementor-element elementor-element-8d5b8a9 elementor-widget elementor-widget-heading\" data-id=\"8d5b8a9\" data-element_type=\"widget\" data-e-type=\"widget\" data-widget_type=\"heading.default\">\n\t\t\t\t<div class=\"elementor-widget-container\">\n\t\t\t\t\t<h2 class=\"elementor-heading-title elementor-size-default\"><h2 class=\"elementor-heading-title elementor-size-default elementor-inline-editing pen\" data-elementor-setting-key=\"title\" style=\"font-weight: 600;font-size: 47px;font-family: Poppins, sans-serif;text-align: center\"><span style=\"font-family: Poppins, sans-serif;font-size: 24px\">ELEVE A SUA VIBRA\u00c7\u00c3O<\/span><br \/><span style=\"font-family: Poppins, sans-serif;font-size: 47px;font-weight: 600\">\n\u2014 e MANTENHA-A ALTA!<\/span><span style=\"font-family: Poppins, sans-serif;font-size: 47px;font-weight: 600\"><\/span><\/h2><\/h2>\t\t\t\t<\/div>\n\t\t\t\t<\/div>\n\t\t\t\t<div class=\"elementor-element elementor-element-2445254 elementor-widget__width-initial elementor-widget elementor-widget-text-editor\" data-id=\"2445254\" data-element_type=\"widget\" data-e-type=\"widget\" data-widget_type=\"text-editor.default\">\n\t\t\t\t<div class=\"elementor-widget-container\">\n\t\t\t\t\t\t\t\t\t<p>Receba motiva\u00e7\u00e3o di\u00e1ria em sequ\u00eancias de 21 dias para p\u00f4r em pr\u00e1tica as atividades que v\u00e3o elevar a sua vibra\u00e7\u00e3o, trazer <b>mais disposi\u00e7\u00e3o, expans\u00e3o da sua consci\u00eancia, prote\u00e7\u00e3o espiritual, intui\u00e7\u00e3o, serenidade, clareza, uma vida mais fluida e pr\u00f3spera!<\/b><\/p><p>Estar em grupo com pessoas unidas pelo mesmo prop\u00f3sito seguindo o mesmo protocolo, \u00e9 uma energia de ambiente elevada que te ajuda a manter const\u00e2ncia por tempo o suficiente para se transformar a sua energia para melhor!<\/p>\t\t\t\t\t\t\t\t<\/div>\n\t\t\t\t<\/div>\n\t\t\t\t<div class=\"elementor-element elementor-element-8fa84ef elementor-widget elementor-widget-heading\" data-id=\"8fa84ef\" data-element_type=\"widget\" data-e-type=\"widget\" data-widget_type=\"heading.default\">\n\t\t\t\t<div class=\"elementor-widget-container\">\n\t\t\t\t\t<h2 class=\"elementor-heading-title elementor-size-default\"><h2 class=\"elementor-heading-title elementor-size-default elementor-inline-editing pen\" data-elementor-setting-key=\"title\" style=\"font-weight: 600;font-size: 47px;font-family: Poppins, sans-serif;text-align: center\"><span style=\"font-family: Poppins, sans-serif;font-size: 24px\">CONFIRA TUDO<\/span><br \/><span style=\"font-family: Poppins, sans-serif;font-size: 47px;font-weight: 600\">\nO QUE COMP\u00d5E O COMBO<\/span><span style=\"font-family: Poppins, sans-serif;font-size: 47px;font-weight: 600\"><\/span><\/h2><\/h2>\t\t\t\t<\/div>\n\t\t\t\t<\/div>\n\t\t\t\t\t<\/div>\n\t\t\t\t<\/div>\n\t\t<div class=\"elementor-element elementor-element-935a45f e-flex e-con-boxed e-con e-parent\" data-id=\"935a45f\" data-element_type=\"container\" data-e-type=\"container\">\n\t\t\t\t\t<div class=\"e-con-inner\">\n\t\t\t\t<div class=\"elementor-element elementor-element-2329c2f elementor-widget elementor-widget-spacer\" data-id=\"2329c2f\" data-element_type=\"widget\" data-e-type=\"widget\" data-widget_type=\"spacer.default\">\n\t\t\t\t<div class=\"elementor-widget-container\">\n\t\t\t\t\t\t\t<div class=\"elementor-spacer\">\n\t\t\t<div class=\"elementor-spacer-inner\"><\/div>\n\t\t<\/div>\n\t\t\t\t\t\t<\/div>\n\t\t\t\t<\/div>\n\t\t\t\t<div class=\"elementor-element elementor-element-e3e3cb9 elementor-widget__width-initial elementor-widget elementor-widget-text-editor\" data-id=\"e3e3cb9\" data-element_type=\"widget\" data-e-type=\"widget\" data-widget_type=\"text-editor.default\">\n\t\t\t\t<div class=\"elementor-widget-container\">\n\t\t\t\t\t\t\t\t\t<p><b><img decoding=\"async\" class=\"emoji\" role=\"img\" draggable=\"false\" src=\"https:\/\/s.w.org\/images\/core\/emoji\/16.0.1\/svg\/2705.svg\" alt=\"\u2705\" \/>\u00a0\u00a0PROTOCOLO VIBRANDO ALTO EM 21 DIAS <\/b><span>(lan\u00e7amento): para voc\u00ea fazer sempre que quiser, mesmo sozinha(o) e ap\u00f3s o Grupo de Desafio, com:<\/span><\/p><ul><li style=\"font-weight: 400;\" aria-level=\"1\"><span style=\"font-weight: 400;\">\u279c Passos di\u00e1rios em \u00e1udios dos 21 dias do Desafio<\/span><\/li><li style=\"font-weight: 400;\" aria-level=\"1\"><span style=\"font-weight: 400;\">\u279c Material de apoio para manter a const\u00e2ncia<\/span><\/li><li style=\"font-weight: 400;\" aria-level=\"1\"><span style=\"font-weight: 400;\">\u279c Acesso vital\u00edcio enquanto Luisa Ambros Espiritual LTDA. existir<\/span><\/li><\/ul><p>\u00a0<\/p><p><span style=\"font-weight: 400;\"> <img decoding=\"async\" class=\"emoji\" role=\"img\" draggable=\"false\" src=\"https:\/\/s.w.org\/images\/core\/emoji\/16.0.1\/svg\/2705.svg\" alt=\"\u2705\" \/>\u00a0 <\/span><b>B\u00d4NUS<\/b><\/p><ul><li style=\"font-weight: 400;\" aria-level=\"1\"><span style=\"font-weight: 400;\">\ud83c\udf81 Grava\u00e7\u00e3o do Workshop \u201cCocriando Meu Ano em Alto N\u00edvel\u201d + e-book de t\u00e9cnicas poderosas, para melhorar seu foco e disciplina<\/span><\/li><li style=\"font-weight: 400;\" aria-level=\"1\"><span style=\"font-weight: 400;\"><img decoding=\"async\" class=\"emoji\" role=\"img\" draggable=\"false\" src=\"https:\/\/s.w.org\/images\/core\/emoji\/16.0.1\/svg\/1f381.svg\" alt=\"\ud83c\udf81\" \/>\u00a0\u00a0E-book \u201cGuia Pr\u00e1tico como Elevar a Vibra\u00e7\u00e3o\u201d (com vers\u00e3o para impress\u00e3o)<\/span><\/li><li style=\"font-weight: 400;\" aria-level=\"1\"><span style=\"font-weight: 400;\"><img decoding=\"async\" class=\"emoji\" role=\"img\" draggable=\"false\" src=\"https:\/\/s.w.org\/images\/core\/emoji\/16.0.1\/svg\/1f381.svg\" alt=\"\ud83c\udf81\" \/>\u00a0 E-book \u201cComo Descobrir Meu Padr\u00e3o de Energia\u201d<\/span><\/li><\/ul><p><i><span style=\"font-weight: 400;\">Voc\u00ea ainda conta com uma <\/span><b>garantia incondicional de 7 dias<\/b><span style=\"font-weight: 400;\">, diretamente pela Hotmart \u2014 uma das plataformas de infoprodutos mais seguras do mundo.\u00a0<\/span><\/i><\/p><p><i><span style=\"font-weight: 400;\">\u00a0<\/span><\/i><\/p><p style=\"text-align: center;\"><span style=\"font-family: Poppins, sans-serif; font-size: 28px; font-style: normal; font-variant-ligatures: normal; font-variant-caps: normal; font-weight: bold;\">Ao final do Protocolo, voc\u00ea estar\u00e1 com uma maior vitalidade, al\u00e9m de ter iniciado h\u00e1bitos poderosos para manter a sua vibra\u00e7\u00e3o alta\u00a0<\/span><span style=\"text-align: left;\"><b> \u2014 o que desbloqueia uma vida mais leve, alegre e pr\u00f3spera! <img decoding=\"async\" class=\"emoji\" role=\"img\" draggable=\"false\" src=\"https:\/\/s.w.org\/images\/core\/emoji\/16.0.1\/svg\/1f64c.svg\" alt=\"\ud83d\ude4c\" \/><\/b><\/span><\/p><p style=\"text-align: center;\"><span style=\"text-align: left;\"><b>\u00a0<\/b><\/span><\/p><p style=\"font-style: normal; font-variant-ligatures: normal; font-variant-caps: normal; font-weight: 400; font-size: 28px; font-family: Poppins, sans-serif; text-align: center;\"><img decoding=\"async\" class=\"emoji\" role=\"img\" draggable=\"false\" src=\"https:\/\/s.w.org\/images\/core\/emoji\/16.0.1\/svg\/1f447.svg\" alt=\"\ud83d\udc47\" \/><\/p>\t\t\t\t\t\t\t\t<\/div>\n\t\t\t\t<\/div>\n\t\t\t\t\t<\/div>\n\t\t\t\t<\/div>\n\t\t\t\t<section class=\"elementor-section elementor-top-section elementor-element elementor-element-60a77772 elementor-section-boxed elementor-section-height-default elementor-section-height-default\" data-id=\"60a77772\" data-element_type=\"section\" data-e-type=\"section\" data-settings=\"{&quot;background_background&quot;:&quot;classic&quot;}\">\n\t\t\t\t\t\t<div class=\"elementor-container elementor-column-gap-default\">\n\t\t\t\t\t<div class=\"elementor-column elementor-col-100 elementor-top-column elementor-element elementor-element-aeba2fb\" data-id=\"aeba2fb\" data-element_type=\"column\" data-e-type=\"column\">\n\t\t\t<div class=\"elementor-widget-wrap elementor-element-populated\">\n\t\t\t\t\t\t<div class=\"elementor-element elementor-element-2d7f0d7 elementor-align-center elementor-widget__width-initial elementor-widget-mobile__width-inherit elementor-widget elementor-widget-button\" data-id=\"2d7f0d7\" data-element_type=\"widget\" data-e-type=\"widget\" data-widget_type=\"button.default\">\n\t\t\t\t<div class=\"elementor-widget-container\">\n\t\t\t\t\t\t\t\t\t<div class=\"elementor-button-wrapper\">\n\t\t\t\t\t<a class=\"elementor-button elementor-button-link elementor-size-lg elementor-animation-grow\" href=\"https:\/\/pay.hotmart.com\/R102084040R\">\n\t\t\t\t\t\t<span class=\"elementor-button-content-wrapper\">\n\t\t\t\t\t\t\t\t\t<span class=\"elementor-button-text\">APERTE AQUI E DESBLOQUEIE O SEU ACESSO AO COMBO \"VIBRANDO ALTO\" \u279c<\/span>\n\t\t\t\t\t<\/span>\n\t\t\t\t\t<\/a>\n\t\t\t\t<\/div>\n\t\t\t\t\t\t\t\t<\/div>\n\t\t\t\t<\/div>\n\t\t\t\t\t<\/div>\n\t\t<\/div>\n\t\t\t\t\t<\/div>\n\t\t<\/section>\n\t\t\t\t<section class=\"elementor-section elementor-top-section elementor-element elementor-element-499fff9f elementor-section-boxed elementor-section-height-default elementor-section-height-default\" data-id=\"499fff9f\" data-element_type=\"section\" data-e-type=\"section\" data-settings=\"{&quot;background_background&quot;:&quot;gradient&quot;}\">\n\t\t\t\t\t\t<div class=\"elementor-container elementor-column-gap-default\">\n\t\t\t\t\t<div class=\"elementor-column elementor-col-50 elementor-top-column elementor-element elementor-element-37502683\" data-id=\"37502683\" data-element_type=\"column\" data-e-type=\"column\">\n\t\t\t<div class=\"elementor-widget-wrap elementor-element-populated\">\n\t\t\t\t\t\t<div class=\"elementor-element elementor-element-5356f3c2 elementor-widget__width-initial elementor-widget elementor-widget-image\" data-id=\"5356f3c2\" data-element_type=\"widget\" data-e-type=\"widget\" data-widget_type=\"image.default\">\n\t\t\t\t<div class=\"elementor-widget-container\">\n\t\t\t\t\t\t\t\t\t\t\t\t\t\t\t<img fetchpriority=\"high\" decoding=\"async\" width=\"566\" height=\"737\" src=\"https:\/\/www.luisaambros.com\/espiritualidade\/oferta\/wp-content\/uploads\/luisa-ambros-placa-hotmart.webp\" class=\"attachment-medium_large size-medium_large wp-image-1220\" alt=\"\" srcset=\"https:\/\/www.luisaambros.com\/espiritualidade\/oferta\/wp-content\/uploads\/luisa-ambros-placa-hotmart.webp 566w, https:\/\/www.luisaambros.com\/espiritualidade\/oferta\/wp-content\/uploads\/luisa-ambros-placa-hotmart-230x300.webp 230w\" sizes=\"(max-width: 566px) 100vw, 566px\" \/>\t\t\t\t\t\t\t\t\t\t\t\t\t\t\t<\/div>\n\t\t\t\t<\/div>\n\t\t\t\t\t<\/div>\n\t\t<\/div>\n\t\t\t\t<div class=\"elementor-column elementor-col-50 elementor-top-column elementor-element elementor-element-52412039\" data-id=\"52412039\" data-element_type=\"column\" data-e-type=\"column\">\n\t\t\t<div class=\"elementor-widget-wrap elementor-element-populated\">\n\t\t\t\t\t\t<div class=\"elementor-element elementor-element-6f7ac525 elementor-widget__width-initial elementor-widget elementor-widget-heading\" data-id=\"6f7ac525\" data-element_type=\"widget\" data-e-type=\"widget\" data-widget_type=\"heading.default\">\n\t\t\t\t<div class=\"elementor-widget-container\">\n\t\t\t\t\t<h2 class=\"elementor-heading-title elementor-size-default\">Quem \u00e9 Luisa Ambros<\/h2>\t\t\t\t<\/div>\n\t\t\t\t<\/div>\n\t\t\t\t<div class=\"elementor-element elementor-element-697bf893 elementor-widget__width-initial elementor-widget elementor-widget-text-editor\" data-id=\"697bf893\" data-element_type=\"widget\" data-e-type=\"widget\" data-widget_type=\"text-editor.default\">\n\t\t\t\t<div class=\"elementor-widget-container\">\n\t\t\t\t\t\t\t\t\t<p>\u279c Autora best-seller no Amazon com o guia pr\u00e1tico \u201cComo Elevar a Vibra\u00e7\u00e3o\u201d na categoria \u201cHol\u00edstica Sa\u00fade, Boa Forma e Dieta\u201d;<\/p><p><span style=\"background-color: transparent;\">\u279c Mais de 6.000 clientes de produtos e servi\u00e7os espirituais e energ\u00e9ticos, em diferentes pa\u00edses;<\/span><\/p><p><span style=\"background-color: transparent;\">\u279c <\/span>Especialista Vibracional, Radiestesista, Terapeuta Hol\u00edstica \u00c1gatha Avan\u00e7ado, Consultora Energ\u00e9tica de Prosperidade para Neg\u00f3cios, Mentora Espiritual e Medi\u00fanica.<\/p><p style=\"font-style: normal; font-variant-ligatures: normal; font-variant-caps: normal; font-weight: 400; font-size: 18px; font-family: Sora, sans-serif;\"><span style=\"background-color: transparent;\">\u279c <\/span>J\u00e1 foi ateia, depressiva e com a densa frequ\u00eancia vibracional \u201cApatia\u201d (50 nas Escalas de Consci\u00eancia), e conseguiu elevar para uma vida de alta vibra\u00e7\u00e3o, em 800, \u201cGratid\u00e3o\u201d<span style=\"font-style: normal; font-variant-ligatures: normal; font-variant-caps: normal; font-weight: 400; font-size: 18px; font-family: Sora, sans-serif; background-color: transparent;\">\u00a0<\/span><span style=\"font-style: normal; font-variant-ligatures: normal; font-variant-caps: normal; font-weight: 400; font-size: 18px; font-family: Sora, sans-serif; background-color: transparent;\">e a prosperar realizada, conectada espiritualmente e feliz em altas vibra\u00e7\u00f5es.<\/span><\/p><p><span style=\"background-color: transparent;\">Natural de Salvador\/BA, publica sites desde os 13 anos de idade, \u00e9 graduada em Design (2012) e MBA em Marketing (2017). Foi freelancer, gerente de projetos, diretora de opera\u00e7\u00f5es em ag\u00eancias e s\u00f3cia de empresas.\u00a0<\/span><\/p><p style=\"font-style: normal; font-variant-ligatures: normal; font-variant-caps: normal; font-weight: 400; font-size: 18px; font-family: Sora, sans-serif;\"><span style=\"background-color: transparent;\">Iniciou as redes sociais, o site com tem\u00e1tica espiritual e os seus conte\u00fados em 2021, quando fez extens\u00f5es em produtividade, prosperidade, prop\u00f3sito, conex\u00e3o espiritual etc.\u00a0<\/span><\/p><p>Desde o seu despertar espiritual e medi\u00fanico marcado pela abertura do 3\u00ba olho em 2022, com os seus estudos, experi\u00eancias e busca pelo prop\u00f3sito, em cerca 2 anos se aprofundou em prosperidade, PNL, produtividade, pr\u00e1ticas espirituais, descobriu sua miss\u00e3o, fez migra\u00e7\u00e3o de carreira, passou a contribuir com mais pessoas, canalizar e alcan\u00e7ou uma renda 10x maior.<\/p><p style=\"font-style: normal; font-variant-ligatures: normal; font-variant-caps: normal; font-weight: 400; font-size: 18px; font-family: Sora, sans-serif;\"><span style=\"background-color: transparent;\">Desde 2023 atua profissionalmente 100% com espiritualidade, investe continuamente em autoconhecimento e expans\u00e3o para apoiar mais pessoas a tamb\u00e9m despertarem e prosperarem com prop\u00f3sito.<\/span><\/p>\t\t\t\t\t\t\t\t<\/div>\n\t\t\t\t<\/div>\n\t\t\t\t\t<\/div>\n\t\t<\/div>\n\t\t\t\t\t<\/div>\n\t\t<\/section>\n\t\t\t\t<section class=\"elementor-section elementor-top-section elementor-element elementor-element-d719897 elementor-section-boxed elementor-section-height-default elementor-section-height-default\" data-id=\"d719897\" data-element_type=\"section\" data-e-type=\"section\" data-settings=\"{&quot;background_background&quot;:&quot;classic&quot;}\">\n\t\t\t\t\t\t<div class=\"elementor-container elementor-column-gap-default\">\n\t\t\t\t\t<div class=\"elementor-column elementor-col-100 elementor-top-column elementor-element elementor-element-d11c7f3\" data-id=\"d11c7f3\" data-element_type=\"column\" data-e-type=\"column\">\n\t\t\t<div class=\"elementor-widget-wrap elementor-element-populated\">\n\t\t\t\t\t\t<div class=\"elementor-element elementor-element-97178d2 elementor-align-center elementor-widget__width-initial elementor-widget-mobile__width-inherit elementor-widget elementor-widget-button\" data-id=\"97178d2\" data-element_type=\"widget\" data-e-type=\"widget\" data-widget_type=\"button.default\">\n\t\t\t\t<div class=\"elementor-widget-container\">\n\t\t\t\t\t\t\t\t\t<div class=\"elementor-button-wrapper\">\n\t\t\t\t\t<a class=\"elementor-button elementor-button-link elementor-size-lg elementor-animation-grow\" href=\"https:\/\/pay.hotmart.com\/R102084040R\">\n\t\t\t\t\t\t<span class=\"elementor-button-content-wrapper\">\n\t\t\t\t\t\t\t\t\t<span class=\"elementor-button-text\">APERTE AQUI E DESBLOQUEIE O SEU ACESSO AO COMBO \"VIBRANDO ALTO\" \u279c<\/span>\n\t\t\t\t\t<\/span>\n\t\t\t\t\t<\/a>\n\t\t\t\t<\/div>\n\t\t\t\t\t\t\t\t<\/div>\n\t\t\t\t<\/div>\n\t\t\t\t\t<\/div>\n\t\t<\/div>\n\t\t\t\t\t<\/div>\n\t\t<\/section>\n\t\t\t\t<\/div>\n\t\t","protected":false},"excerpt":{"rendered":"<p>Protocolo Vibrando ALTO em 21 Dias https:\/\/www.youtube.com\/watch?v=BmmtTxBykCk Desbloqueie acesso ao combo definitivo para voc\u00ea manter a sua vida elevada com mais leveza, alegria e prosperidade! APERTE AQUI E DESBLOQUEIE O SEU ACESSO \u279c ELEVE A SUA VIBRA\u00c7\u00c3O \u2014 e MANTENHA-A ALTA! Receba motiva\u00e7\u00e3o di\u00e1ria em sequ\u00eancias de 21 dias para p\u00f4r em pr\u00e1tica as atividades <a href=\"https:\/\/www.luisaambros.com\/espiritualidade\/oferta\/protocolo-vibrando-alto-em-21-dias\/\" class=\"more-link\">&#8230;<span class=\"screen-reader-text\">  Protocolo Vibrando ALTO em 21 Dias<\/span><\/a><\/p>\n","protected":false},"author":1,"featured_media":1480,"parent":0,"menu_order":0,"comment_status":"closed","ping_status":"closed","template":"","meta":{"footnotes":""},"class_list":["post-1479","page","type-page","status-publish","has-post-thumbnail","hentry"],"_links":{"self":[{"href":"https:\/\/www.luisaambros.com\/espiritualidade\/oferta\/wp-json\/wp\/v2\/pages\/1479","targetHints":{"allow":["GET"]}}],"collection":[{"href":"https:\/\/www.luisaambros.com\/espiritualidade\/oferta\/wp-json\/wp\/v2\/pages"}],"about":[{"href":"https:\/\/www.luisaambros.com\/espiritualidade\/oferta\/wp-json\/wp\/v2\/types\/page"}],"author":[{"embeddable":true,"href":"https:\/\/www.luisaambros.com\/espiritualidade\/oferta\/wp-json\/wp\/v2\/users\/1"}],"replies":[{"embeddable":true,"href":"https:\/\/www.luisaambros.com\/espiritualidade\/oferta\/wp-json\/wp\/v2\/comments?post=1479"}],"version-history":[{"count":10,"href":"https:\/\/www.luisaambros.com\/espiritualidade\/oferta\/wp-json\/wp\/v2\/pages\/1479\/revisions"}],"predecessor-version":[{"id":2627,"href":"https:\/\/www.luisaambros.com\/espiritualidade\/oferta\/wp-json\/wp\/v2\/pages\/1479\/revisions\/2627"}],"wp:featuredmedia":[{"embeddable":true,"href":"https:\/\/www.luisaambros.com\/espiritualidade\/oferta\/wp-json\/wp\/v2\/media\/1480"}],"wp:attachment":[{"href":"https:\/\/www.luisaambros.com\/espiritualidade\/oferta\/wp-json\/wp\/v2\/media?parent=1479"}],"curies":[{"name":"wp","href":"https:\/\/api.w.org\/{rel}","templated":true}]}}